{"id":13627,"date":"2026-04-10T07:20:33","date_gmt":"2026-04-10T07:20:33","guid":{"rendered":"https:\/\/experienceshop.shop\/?post_type=product&#038;p=13627"},"modified":"2026-04-10T07:30:49","modified_gmt":"2026-04-10T07:30:49","slug":"panceta-iberica-adobada-y-curada-pieza-de-1kg-envasado-al-vacio-sin-gluten-con-pimenton-de-la-vera","status":"publish","type":"product","link":"https:\/\/experienceshop.shop\/es\/producto\/panceta-iberica-adobada-y-curada-pieza-de-1kg-envasado-al-vacio-sin-gluten-con-pimenton-de-la-vera\/","title":{"rendered":"Panceta ib\u00e9rica ADOBADA y CURADA, pieza de 1kg ENVASADO AL VAC\u00cdO, sin gluten, con piment\u00f3n de la Vera"},"content":{"rendered":"<div data-elementor-type=\"product-post\" data-elementor-id=\"13627\" class=\"elementor elementor-13627\" data-elementor-post-type=\"product\">\n\t\t\t\t<div class=\"elementor-element elementor-element-241d3796 e-flex e-con-boxed e-con e-parent\" data-id=\"241d3796\" data-element_type=\"container\" data-settings=\"{&quot;ekit_has_onepagescroll_dot&quot;:&quot;yes&quot;}\">\n\t\t\t\t\t<div class=\"e-con-inner\">\n\t\t\t\t<div class=\"elementor-element elementor-element-46344964 elementor-widget elementor-widget-image\" data-id=\"46344964\" data-element_type=\"widget\" data-settings=\"{&quot;ekit_we_effect_on&quot;:&quot;none&quot;}\" data-widget_type=\"image.default\">\n\t\t\t\t<div class=\"elementor-widget-container\">\n\t\t\t\t\t\t\t\t\t\t\t\t\t\t\t<img loading=\"lazy\" decoding=\"async\" width=\"1464\" height=\"600\" src=\"https:\/\/experienceshop.shop\/wp-content\/uploads\/2026\/04\/4b2b9dea-8fb1-4c60-98e6-c66381e01e1f.__CR001464600_PT0_SX1464_V1___-2.png\" class=\"attachment-full size-full wp-image-13634 wvs-archive-product-image\" alt=\"\" srcset=\"https:\/\/experienceshop.shop\/wp-content\/uploads\/2026\/04\/4b2b9dea-8fb1-4c60-98e6-c66381e01e1f.__CR001464600_PT0_SX1464_V1___-2.png 1464w, https:\/\/experienceshop.shop\/wp-content\/uploads\/2026\/04\/4b2b9dea-8fb1-4c60-98e6-c66381e01e1f.__CR001464600_PT0_SX1464_V1___-2-300x123.png 300w, https:\/\/experienceshop.shop\/wp-content\/uploads\/2026\/04\/4b2b9dea-8fb1-4c60-98e6-c66381e01e1f.__CR001464600_PT0_SX1464_V1___-2-1024x420.png 1024w, https:\/\/experienceshop.shop\/wp-content\/uploads\/2026\/04\/4b2b9dea-8fb1-4c60-98e6-c66381e01e1f.__CR001464600_PT0_SX1464_V1___-2-768x315.png 768w, https:\/\/experienceshop.shop\/wp-content\/uploads\/2026\/04\/4b2b9dea-8fb1-4c60-98e6-c66381e01e1f.__CR001464600_PT0_SX1464_V1___-2-18x7.png 18w, https:\/\/experienceshop.shop\/wp-content\/uploads\/2026\/04\/4b2b9dea-8fb1-4c60-98e6-c66381e01e1f.__CR001464600_PT0_SX1464_V1___-2-600x246.png 600w, https:\/\/experienceshop.shop\/wp-content\/uploads\/2026\/04\/4b2b9dea-8fb1-4c60-98e6-c66381e01e1f.__CR001464600_PT0_SX1464_V1___-2-1x1.png 1w, https:\/\/experienceshop.shop\/wp-content\/uploads\/2026\/04\/4b2b9dea-8fb1-4c60-98e6-c66381e01e1f.__CR001464600_PT0_SX1464_V1___-2-10x4.png 10w\" sizes=\"auto, (max-width: 1464px) 100vw, 1464px\" \/>\t\t\t\t\t\t\t\t\t\t\t\t\t\t\t<\/div>\n\t\t\t\t<\/div>\n\t\t\t\t<div class=\"elementor-element elementor-element-eb7a281 elementor-widget elementor-widget-image\" data-id=\"eb7a281\" data-element_type=\"widget\" data-settings=\"{&quot;ekit_we_effect_on&quot;:&quot;none&quot;}\" data-widget_type=\"image.default\">\n\t\t\t\t<div class=\"elementor-widget-container\">\n\t\t\t\t\t\t\t\t\t\t\t\t\t\t\t<img loading=\"lazy\" decoding=\"async\" width=\"1464\" height=\"600\" src=\"https:\/\/experienceshop.shop\/wp-content\/uploads\/2026\/04\/5ad1ae77-47fe-4c02-b919-d093faea8799.__CR0841464600_PT0_SX1464_V1___.jpg\" class=\"attachment-full size-full wp-image-13635 wvs-archive-product-image\" alt=\"\" srcset=\"https:\/\/experienceshop.shop\/wp-content\/uploads\/2026\/04\/5ad1ae77-47fe-4c02-b919-d093faea8799.__CR0841464600_PT0_SX1464_V1___.jpg 1464w, https:\/\/experienceshop.shop\/wp-content\/uploads\/2026\/04\/5ad1ae77-47fe-4c02-b919-d093faea8799.__CR0841464600_PT0_SX1464_V1___-300x123.jpg 300w, https:\/\/experienceshop.shop\/wp-content\/uploads\/2026\/04\/5ad1ae77-47fe-4c02-b919-d093faea8799.__CR0841464600_PT0_SX1464_V1___-1024x420.jpg 1024w, https:\/\/experienceshop.shop\/wp-content\/uploads\/2026\/04\/5ad1ae77-47fe-4c02-b919-d093faea8799.__CR0841464600_PT0_SX1464_V1___-768x315.jpg 768w, https:\/\/experienceshop.shop\/wp-content\/uploads\/2026\/04\/5ad1ae77-47fe-4c02-b919-d093faea8799.__CR0841464600_PT0_SX1464_V1___-18x7.jpg 18w, https:\/\/experienceshop.shop\/wp-content\/uploads\/2026\/04\/5ad1ae77-47fe-4c02-b919-d093faea8799.__CR0841464600_PT0_SX1464_V1___-600x246.jpg 600w, https:\/\/experienceshop.shop\/wp-content\/uploads\/2026\/04\/5ad1ae77-47fe-4c02-b919-d093faea8799.__CR0841464600_PT0_SX1464_V1___-1x1.jpg 1w, https:\/\/experienceshop.shop\/wp-content\/uploads\/2026\/04\/5ad1ae77-47fe-4c02-b919-d093faea8799.__CR0841464600_PT0_SX1464_V1___-10x4.jpg 10w\" sizes=\"auto, (max-width: 1464px) 100vw, 1464px\" \/>\t\t\t\t\t\t\t\t\t\t\t\t\t\t\t<\/div>\n\t\t\t\t<\/div>\n\t\t\t\t<div class=\"elementor-element elementor-element-34eb6723 elementor-widget elementor-widget-image\" data-id=\"34eb6723\" data-element_type=\"widget\" data-settings=\"{&quot;ekit_we_effect_on&quot;:&quot;none&quot;}\" data-widget_type=\"image.default\">\n\t\t\t\t<div class=\"elementor-widget-container\">\n\t\t\t\t\t\t\t\t\t\t\t\t\t\t\t<img loading=\"lazy\" decoding=\"async\" width=\"800\" height=\"600\" src=\"https:\/\/experienceshop.shop\/wp-content\/uploads\/2026\/04\/bc8575f6-1e9b-46fc-96cf-90334d16d769.__CR00800600_PT0_SX800_V1___-1.png\" class=\"attachment-full size-full wp-image-13636 wvs-archive-product-image\" alt=\"\" srcset=\"https:\/\/experienceshop.shop\/wp-content\/uploads\/2026\/04\/bc8575f6-1e9b-46fc-96cf-90334d16d769.__CR00800600_PT0_SX800_V1___-1.png 800w, https:\/\/experienceshop.shop\/wp-content\/uploads\/2026\/04\/bc8575f6-1e9b-46fc-96cf-90334d16d769.__CR00800600_PT0_SX800_V1___-1-300x225.png 300w, https:\/\/experienceshop.shop\/wp-content\/uploads\/2026\/04\/bc8575f6-1e9b-46fc-96cf-90334d16d769.__CR00800600_PT0_SX800_V1___-1-768x576.png 768w, https:\/\/experienceshop.shop\/wp-content\/uploads\/2026\/04\/bc8575f6-1e9b-46fc-96cf-90334d16d769.__CR00800600_PT0_SX800_V1___-1-16x12.png 16w, https:\/\/experienceshop.shop\/wp-content\/uploads\/2026\/04\/bc8575f6-1e9b-46fc-96cf-90334d16d769.__CR00800600_PT0_SX800_V1___-1-600x450.png 600w, https:\/\/experienceshop.shop\/wp-content\/uploads\/2026\/04\/bc8575f6-1e9b-46fc-96cf-90334d16d769.__CR00800600_PT0_SX800_V1___-1-1x1.png 1w, https:\/\/experienceshop.shop\/wp-content\/uploads\/2026\/04\/bc8575f6-1e9b-46fc-96cf-90334d16d769.__CR00800600_PT0_SX800_V1___-1-10x8.png 10w\" sizes=\"auto, (max-width: 800px) 100vw, 800px\" \/>\t\t\t\t\t\t\t\t\t\t\t\t\t\t\t<\/div>\n\t\t\t\t<\/div>\n\t\t\t\t<div class=\"elementor-element elementor-element-34a4340d elementor-widget elementor-widget-image\" data-id=\"34a4340d\" data-element_type=\"widget\" data-settings=\"{&quot;ekit_we_effect_on&quot;:&quot;none&quot;}\" data-widget_type=\"image.default\">\n\t\t\t\t<div class=\"elementor-widget-container\">\n\t\t\t\t\t\t\t\t\t\t\t\t\t\t\t<img loading=\"lazy\" decoding=\"async\" width=\"1464\" height=\"600\" src=\"https:\/\/experienceshop.shop\/wp-content\/uploads\/2026\/04\/08c454e7-fb13-4d08-8216-dca1f651958d.__CR001464600_PT0_SX1464_V1___.png\" class=\"attachment-full size-full wp-image-13637 wvs-archive-product-image\" alt=\"\" srcset=\"https:\/\/experienceshop.shop\/wp-content\/uploads\/2026\/04\/08c454e7-fb13-4d08-8216-dca1f651958d.__CR001464600_PT0_SX1464_V1___.png 1464w, https:\/\/experienceshop.shop\/wp-content\/uploads\/2026\/04\/08c454e7-fb13-4d08-8216-dca1f651958d.__CR001464600_PT0_SX1464_V1___-300x123.png 300w, https:\/\/experienceshop.shop\/wp-content\/uploads\/2026\/04\/08c454e7-fb13-4d08-8216-dca1f651958d.__CR001464600_PT0_SX1464_V1___-1024x420.png 1024w, https:\/\/experienceshop.shop\/wp-content\/uploads\/2026\/04\/08c454e7-fb13-4d08-8216-dca1f651958d.__CR001464600_PT0_SX1464_V1___-768x315.png 768w, https:\/\/experienceshop.shop\/wp-content\/uploads\/2026\/04\/08c454e7-fb13-4d08-8216-dca1f651958d.__CR001464600_PT0_SX1464_V1___-18x7.png 18w, https:\/\/experienceshop.shop\/wp-content\/uploads\/2026\/04\/08c454e7-fb13-4d08-8216-dca1f651958d.__CR001464600_PT0_SX1464_V1___-600x246.png 600w, https:\/\/experienceshop.shop\/wp-content\/uploads\/2026\/04\/08c454e7-fb13-4d08-8216-dca1f651958d.__CR001464600_PT0_SX1464_V1___-1x1.png 1w, https:\/\/experienceshop.shop\/wp-content\/uploads\/2026\/04\/08c454e7-fb13-4d08-8216-dca1f651958d.__CR001464600_PT0_SX1464_V1___-10x4.png 10w\" sizes=\"auto, (max-width: 1464px) 100vw, 1464px\" \/>\t\t\t\t\t\t\t\t\t\t\t\t\t\t\t<\/div>\n\t\t\t\t<\/div>\n\t\t\t\t<div class=\"elementor-element elementor-element-41058980 elementor-widget elementor-widget-image\" data-id=\"41058980\" data-element_type=\"widget\" data-settings=\"{&quot;ekit_we_effect_on&quot;:&quot;none&quot;}\" data-widget_type=\"image.default\">\n\t\t\t\t<div class=\"elementor-widget-container\">\n\t\t\t\t\t\t\t\t\t\t\t\t\t\t\t<img loading=\"lazy\" decoding=\"async\" width=\"1464\" height=\"600\" src=\"https:\/\/experienceshop.shop\/wp-content\/uploads\/2026\/04\/1cfe2857-d486-4112-affe-a30609ad20b8.__CR03891464600_PT0_SX1464_V1___.jpg\" class=\"attachment-full size-full wp-image-13638 wvs-archive-product-image\" alt=\"\" srcset=\"https:\/\/experienceshop.shop\/wp-content\/uploads\/2026\/04\/1cfe2857-d486-4112-affe-a30609ad20b8.__CR03891464600_PT0_SX1464_V1___.jpg 1464w, https:\/\/experienceshop.shop\/wp-content\/uploads\/2026\/04\/1cfe2857-d486-4112-affe-a30609ad20b8.__CR03891464600_PT0_SX1464_V1___-300x123.jpg 300w, https:\/\/experienceshop.shop\/wp-content\/uploads\/2026\/04\/1cfe2857-d486-4112-affe-a30609ad20b8.__CR03891464600_PT0_SX1464_V1___-1024x420.jpg 1024w, https:\/\/experienceshop.shop\/wp-content\/uploads\/2026\/04\/1cfe2857-d486-4112-affe-a30609ad20b8.__CR03891464600_PT0_SX1464_V1___-768x315.jpg 768w, https:\/\/experienceshop.shop\/wp-content\/uploads\/2026\/04\/1cfe2857-d486-4112-affe-a30609ad20b8.__CR03891464600_PT0_SX1464_V1___-18x7.jpg 18w, https:\/\/experienceshop.shop\/wp-content\/uploads\/2026\/04\/1cfe2857-d486-4112-affe-a30609ad20b8.__CR03891464600_PT0_SX1464_V1___-600x246.jpg 600w, https:\/\/experienceshop.shop\/wp-content\/uploads\/2026\/04\/1cfe2857-d486-4112-affe-a30609ad20b8.__CR03891464600_PT0_SX1464_V1___-1x1.jpg 1w, https:\/\/experienceshop.shop\/wp-content\/uploads\/2026\/04\/1cfe2857-d486-4112-affe-a30609ad20b8.__CR03891464600_PT0_SX1464_V1___-10x4.jpg 10w\" sizes=\"auto, (max-width: 1464px) 100vw, 1464px\" \/>\t\t\t\t\t\t\t\t\t\t\t\t\t\t\t<\/div>\n\t\t\t\t<\/div>\n\t\t\t\t<div class=\"elementor-element elementor-element-4cd63a70 elementor-widget elementor-widget-text-editor\" data-id=\"4cd63a70\" data-element_type=\"widget\" data-settings=\"{&quot;ekit_we_effect_on&quot;:&quot;none&quot;}\" data-widget_type=\"text-editor.default\">\n\t\t\t\t<div class=\"elementor-widget-container\">\n\t\t\t\t\t\t\t\t\t<div><div><div><div><div><div><div><div><div><div><div><div><div dir=\"ltr\"><h3>\ud83e\udd53 Panceta Ib\u00e9rica Curada y Marinada Premium<\/h3><div>\u00a0<\/div><div>Aut\u00e9ntica panceta ib\u00e9rica, con cuidado <strong>adobada (marinada)<\/strong> y curado lentamente para desarrollar un sabor profundo y tradicional. Esta pieza de 1 kg lleva a su cocina la genuina calidad de la charcuter\u00eda espa\u00f1ola, perfecta para asar, fre\u00edr o tapear.<\/div><div>\u00a0<\/div><h3>\ud83c\udf36\ufe0f Realzado con aut\u00e9ntico Piment\u00f3n de la Vera<\/h3><div>\u00a0<\/div><div>Con aut\u00e9ntica <strong>Piment\u00f3n de la Vera<\/strong> piment\u00f3n ahumado, que le confiere un aroma ahumado caracter\u00edstico y un sabor rico y equilibrado. El condimento natural crea un perfil aut\u00e9ntico y sabroso que resalta la calidad de la carne ib\u00e9rica.<\/div><div>\u00a0<\/div><h3>\ud83e\uddca Frescura sellada al vac\u00edo y sin gluten<\/h3><div>\u00a0<\/div><div>Envasado al vac\u00edo para conservar la frescura, el aroma y la textura durante m\u00e1s tiempo. Este producto es <strong>sin gluten<\/strong>, por lo que es apto para una amplia gama de dietas, manteniendo todo el sabor tradicional.<\/div><div>\u00a0<\/div><h3>\ud83c\udf7d\ufe0f Corte vers\u00e1til de 1 kg para casa y reuniones<\/h3><div>\u00a0<\/div><div>Esta generosa pieza de 1 kg es ideal para comidas familiares, noches de tapas, barbacoas y agasajos. F\u00e1cil de preparar y lleno de car\u00e1cter, ofrece el aut\u00e9ntico sabor del cerdo ib\u00e9rico curado en cada bocado.<\/div><div>\u00a0<\/div><\/div><\/div><\/div><\/div><\/div><\/div><\/div><\/div><\/div><\/div><\/div><\/div><\/div><div><div><div><div><div>\u00a0<\/div><\/div><\/div><\/div><\/div>\t\t\t\t\t\t\t\t<\/div>\n\t\t\t\t<\/div>\n\t\t\t\t<div class=\"elementor-element elementor-element-2e6d4f2c elementor-widget elementor-widget-text-editor\" data-id=\"2e6d4f2c\" data-element_type=\"widget\" data-settings=\"{&quot;ekit_we_effect_on&quot;:&quot;none&quot;}\" data-widget_type=\"text-editor.default\">\n\t\t\t\t<div class=\"elementor-widget-container\">\n\t\t\t\t\t\t\t\t\t<!DOCTYPE html>\n<html lang=\"en\">\n<head>\n<meta charset=\"UTF-8\">\n<meta name=\"viewport\" content=\"width=device-width, initial-scale=1.0\">\n<title>Product Details<\/title>\n<style>\n  * {\n    margin: 0;\n    padding: 0;\n    box-sizing: border-box;\n  }\n  body {\n    background: transparent;\n    font-family: 'Inter', 'Segoe UI', system-ui, sans-serif;\n  }\n  .spec-table {\n    width: 100%;\n    border-collapse: collapse;\n    font-size: 14px;\n    line-height: 1.8;\n  }\n  .spec-table tr {\n    border-bottom: 1px solid #e6eef7;\n  }\n  .spec-table td:nth-child(1),\n  .spec-table td:nth-child(3) {\n    width: 20%;\n    font-weight: 500;\n    color: #2d70b3;\n    background: #f5f9ff;\n    padding: 12px 14px;\n    text-align: left;\n    vertical-align: top;\n  }\n  .spec-table td:nth-child(2),\n  .spec-table td:nth-child(4) {\n    width: 30%;\n    color: #333;\n    background: #fff;\n    padding: 12px 14px;\n    text-align: left;\n    vertical-align: top;\n  }\n<\/style>\n<\/head>\n<body>\n\n<table class=\"spec-table\">\n  <tr>\n    <td>Producto<\/td>\n    <td>Panceta Ib\u00e9rica<\/td>\n    <td>Proceso<\/td>\n    <td>Marinado y curado<\/td>\n  <\/tr>\n  <tr>\n    <td>Peso<\/td>\n    <td>1 kg<\/td>\n    <td>Embalaje<\/td>\n    <td>Envasado al vac\u00edo<\/td>\n  <\/tr>\n  <tr>\n    <td>Al\u00e9rgenos<\/td>\n    <td>Sin gluten<\/td>\n    <td>Condimento<\/td>\n    <td>Piment\u00f3n de la Vera<\/td>\n  <\/tr>\n  <tr>\n    <td>Tipo<\/td>\n    <td>Embutido Ib\u00e9rico<\/td>\n    <td>Caracter\u00edstica<\/td>\n    <td>Receta tradicional<\/td>\n  <\/tr>\n<\/table>\n\n<\/body>\n<\/html>\t\t\t\t\t\t\t\t<\/div>\n\t\t\t\t<\/div>\n\t\t\t\t\t<\/div>\n\t\t\t\t<\/div>\n\t\t\t\t<\/div>","protected":false},"excerpt":{"rendered":"<p>\ud83e\udd53 Premium Cured &amp; Marinated Iberian Pork Belly \u00a0Authentic Iberian pork belly, carefully adobada (marinated) and slowly cured to develop&#8230;<\/p>","protected":false},"featured_media":13628,"comment_status":"open","ping_status":"closed","template":"","meta":{"_acf_changed":false},"etheme_brands":[],"product_brand":[],"product_cat":[118],"product_tag":[],"class_list":{"0":"post-13627","1":"product","2":"type-product","3":"status-publish","4":"has-post-thumbnail","6":"product_cat-sale-shop","8":"first","9":"instock","10":"sale","11":"shipping-taxable","12":"purchasable","13":"product-type-simple"},"acf":[],"_links":{"self":[{"href":"https:\/\/experienceshop.shop\/es\/wp-json\/wp\/v2\/product\/13627","targetHints":{"allow":["GET"]}}],"collection":[{"href":"https:\/\/experienceshop.shop\/es\/wp-json\/wp\/v2\/product"}],"about":[{"href":"https:\/\/experienceshop.shop\/es\/wp-json\/wp\/v2\/types\/product"}],"replies":[{"embeddable":true,"href":"https:\/\/experienceshop.shop\/es\/wp-json\/wp\/v2\/comments?post=13627"}],"version-history":[{"count":4,"href":"https:\/\/experienceshop.shop\/es\/wp-json\/wp\/v2\/product\/13627\/revisions"}],"predecessor-version":[{"id":13644,"href":"https:\/\/experienceshop.shop\/es\/wp-json\/wp\/v2\/product\/13627\/revisions\/13644"}],"wp:featuredmedia":[{"embeddable":true,"href":"https:\/\/experienceshop.shop\/es\/wp-json\/wp\/v2\/media\/13628"}],"wp:attachment":[{"href":"https:\/\/experienceshop.shop\/es\/wp-json\/wp\/v2\/media?parent=13627"}],"wp:term":[{"taxonomy":"brand","embeddable":true,"href":"https:\/\/experienceshop.shop\/es\/wp-json\/wp\/v2\/etheme_brands?post=13627"},{"taxonomy":"product_brand","embeddable":true,"href":"https:\/\/experienceshop.shop\/es\/wp-json\/wp\/v2\/product_brand?post=13627"},{"taxonomy":"product_cat","embeddable":true,"href":"https:\/\/experienceshop.shop\/es\/wp-json\/wp\/v2\/product_cat?post=13627"},{"taxonomy":"product_tag","embeddable":true,"href":"https:\/\/experienceshop.shop\/es\/wp-json\/wp\/v2\/product_tag?post=13627"}],"curies":[{"name":"wp","href":"https:\/\/api.w.org\/{rel}","templated":true}]}}