{"id":13326,"date":"2026-02-06T01:22:10","date_gmt":"2026-02-06T01:22:10","guid":{"rendered":"https:\/\/experienceshop.shop\/?post_type=product&#038;p=13326"},"modified":"2026-02-06T01:27:58","modified_gmt":"2026-02-06T01:27:58","slug":"fairy-professional-lavavajillas-a-mano-liquido-concentrado-10-l2-x-5-l","status":"publish","type":"product","link":"https:\/\/experienceshop.shop\/es\/producto\/fairy-professional-lavavajillas-a-mano-liquido-concentrado-10-l2-x-5-l\/","title":{"rendered":"Fairy Professional, Lavavajillas a Mano, L\u00edquido Concentrado, 10 L(2 X 5 L)"},"content":{"rendered":"<div data-elementor-type=\"product-post\" data-elementor-id=\"13326\" class=\"elementor elementor-13326\" data-elementor-post-type=\"product\">\n\t\t\t\t<div class=\"elementor-element elementor-element-321839fd e-flex e-con-boxed e-con e-parent\" data-id=\"321839fd\" data-element_type=\"container\" data-settings=\"{&quot;ekit_has_onepagescroll_dot&quot;:&quot;yes&quot;}\">\n\t\t\t\t\t<div class=\"e-con-inner\">\n\t\t\t\t<div class=\"elementor-element elementor-element-1aae35e elementor-widget elementor-widget-text-editor\" data-id=\"1aae35e\" data-element_type=\"widget\" data-settings=\"{&quot;ekit_we_effect_on&quot;:&quot;none&quot;}\" data-widget_type=\"text-editor.default\">\n\t\t\t\t<div class=\"elementor-widget-container\">\n\t\t\t\t\t\t\t\t\t<h2 style=\"text-align: center;\">Descripci\u00f3n del producto<\/h2>\t\t\t\t\t\t\t\t<\/div>\n\t\t\t\t<\/div>\n\t\t\t\t<div class=\"elementor-element elementor-element-150f26a3 elementor-widget elementor-widget-image\" data-id=\"150f26a3\" data-element_type=\"widget\" data-settings=\"{&quot;ekit_we_effect_on&quot;:&quot;none&quot;}\" data-widget_type=\"image.default\">\n\t\t\t\t<div class=\"elementor-widget-container\">\n\t\t\t\t\t\t\t\t\t\t\t\t\t\t\t<img loading=\"lazy\" decoding=\"async\" width=\"970\" height=\"300\" src=\"https:\/\/experienceshop.shop\/wp-content\/uploads\/2026\/02\/0e14e4c8-62bc-44c3-9917-1bce656c149b.__CR00970300_PT0_SX970_V1___.jpg\" class=\"attachment-full size-full wp-image-13334 wvs-archive-product-image\" alt=\"\" srcset=\"https:\/\/experienceshop.shop\/wp-content\/uploads\/2026\/02\/0e14e4c8-62bc-44c3-9917-1bce656c149b.__CR00970300_PT0_SX970_V1___.jpg 970w, https:\/\/experienceshop.shop\/wp-content\/uploads\/2026\/02\/0e14e4c8-62bc-44c3-9917-1bce656c149b.__CR00970300_PT0_SX970_V1___-300x93.jpg 300w, https:\/\/experienceshop.shop\/wp-content\/uploads\/2026\/02\/0e14e4c8-62bc-44c3-9917-1bce656c149b.__CR00970300_PT0_SX970_V1___-768x238.jpg 768w, https:\/\/experienceshop.shop\/wp-content\/uploads\/2026\/02\/0e14e4c8-62bc-44c3-9917-1bce656c149b.__CR00970300_PT0_SX970_V1___-18x6.jpg 18w, https:\/\/experienceshop.shop\/wp-content\/uploads\/2026\/02\/0e14e4c8-62bc-44c3-9917-1bce656c149b.__CR00970300_PT0_SX970_V1___-600x186.jpg 600w, https:\/\/experienceshop.shop\/wp-content\/uploads\/2026\/02\/0e14e4c8-62bc-44c3-9917-1bce656c149b.__CR00970300_PT0_SX970_V1___-1x1.jpg 1w, https:\/\/experienceshop.shop\/wp-content\/uploads\/2026\/02\/0e14e4c8-62bc-44c3-9917-1bce656c149b.__CR00970300_PT0_SX970_V1___-10x3.jpg 10w\" sizes=\"auto, (max-width: 970px) 100vw, 970px\" \/>\t\t\t\t\t\t\t\t\t\t\t\t\t\t\t<\/div>\n\t\t\t\t<\/div>\n\t\t\t\t<div class=\"elementor-element elementor-element-3f60f0e0 elementor-position-top elementor-widget elementor-widget-image-box\" data-id=\"3f60f0e0\" data-element_type=\"widget\" data-settings=\"{&quot;ekit_we_effect_on&quot;:&quot;none&quot;}\" data-widget_type=\"image-box.default\">\n\t\t\t\t<div class=\"elementor-widget-container\">\n\t\t\t\t\t<div class=\"elementor-image-box-wrapper\"><figure class=\"elementor-image-box-img\"><img loading=\"lazy\" decoding=\"async\" width=\"970\" height=\"300\" src=\"https:\/\/experienceshop.shop\/wp-content\/uploads\/2026\/02\/bedfe052-c7d4-4a38-b1b5-0259cb591747.__CR00970300_PT0_SX970_V1___.jpg\" class=\"attachment-full size-full wp-image-13335 wvs-archive-product-image\" alt=\"\" srcset=\"https:\/\/experienceshop.shop\/wp-content\/uploads\/2026\/02\/bedfe052-c7d4-4a38-b1b5-0259cb591747.__CR00970300_PT0_SX970_V1___.jpg 970w, https:\/\/experienceshop.shop\/wp-content\/uploads\/2026\/02\/bedfe052-c7d4-4a38-b1b5-0259cb591747.__CR00970300_PT0_SX970_V1___-300x93.jpg 300w, https:\/\/experienceshop.shop\/wp-content\/uploads\/2026\/02\/bedfe052-c7d4-4a38-b1b5-0259cb591747.__CR00970300_PT0_SX970_V1___-768x238.jpg 768w, https:\/\/experienceshop.shop\/wp-content\/uploads\/2026\/02\/bedfe052-c7d4-4a38-b1b5-0259cb591747.__CR00970300_PT0_SX970_V1___-18x6.jpg 18w, https:\/\/experienceshop.shop\/wp-content\/uploads\/2026\/02\/bedfe052-c7d4-4a38-b1b5-0259cb591747.__CR00970300_PT0_SX970_V1___-600x186.jpg 600w, https:\/\/experienceshop.shop\/wp-content\/uploads\/2026\/02\/bedfe052-c7d4-4a38-b1b5-0259cb591747.__CR00970300_PT0_SX970_V1___-1x1.jpg 1w, https:\/\/experienceshop.shop\/wp-content\/uploads\/2026\/02\/bedfe052-c7d4-4a38-b1b5-0259cb591747.__CR00970300_PT0_SX970_V1___-10x3.jpg 10w\" sizes=\"auto, (max-width: 970px) 100vw, 970px\" \/><\/figure><div class=\"elementor-image-box-content\"><p class=\"elementor-image-box-description\">Resultados profesionales\nEl lavavajillas l\u00edquido de Fairy Professional est\u00e1 altamente formulado y concentrado para los trabajos m\u00e1s dif\u00edciles de tu negocio.<\/p><\/div><\/div>\t\t\t\t<\/div>\n\t\t\t\t<\/div>\n\t\t\t\t<div class=\"elementor-element elementor-element-32ced4f3 elementor-widget elementor-widget-text-editor\" data-id=\"32ced4f3\" data-element_type=\"widget\" data-settings=\"{&quot;ekit_we_effect_on&quot;:&quot;none&quot;}\" data-widget_type=\"text-editor.default\">\n\t\t\t\t<div class=\"elementor-widget-container\">\n\t\t\t\t\t\t\t\t\t<h2 class=\"a-spacing-small\" style=\"text-align: center;\">Caracter\u00edsticas y ventajas<\/h2>\t\t\t\t\t\t\t\t<\/div>\n\t\t\t\t<\/div>\n\t\t<div class=\"elementor-element elementor-element-476f2a75 e-grid e-con-full e-con e-child\" data-id=\"476f2a75\" data-element_type=\"container\" data-settings=\"{&quot;ekit_has_onepagescroll_dot&quot;:&quot;yes&quot;}\">\n\t\t\t\t<div class=\"elementor-element elementor-element-18af0465 elementor-position-top elementor-widget elementor-widget-image-box\" data-id=\"18af0465\" data-element_type=\"widget\" data-settings=\"{&quot;ekit_we_effect_on&quot;:&quot;none&quot;}\" data-widget_type=\"image-box.default\">\n\t\t\t\t<div class=\"elementor-widget-container\">\n\t\t\t\t\t<div class=\"elementor-image-box-wrapper\"><figure class=\"elementor-image-box-img\"><img loading=\"lazy\" decoding=\"async\" width=\"300\" height=\"300\" src=\"https:\/\/experienceshop.shop\/wp-content\/uploads\/2026\/02\/5a735343-055b-4ecb-8065-cc23c8ce62cf.__CR00300300_PT0_SX300_V1___.jpg\" class=\"attachment-full size-full wp-image-13336 wvs-archive-product-image\" alt=\"\" srcset=\"https:\/\/experienceshop.shop\/wp-content\/uploads\/2026\/02\/5a735343-055b-4ecb-8065-cc23c8ce62cf.__CR00300300_PT0_SX300_V1___.jpg 300w, https:\/\/experienceshop.shop\/wp-content\/uploads\/2026\/02\/5a735343-055b-4ecb-8065-cc23c8ce62cf.__CR00300300_PT0_SX300_V1___-150x150.jpg 150w, https:\/\/experienceshop.shop\/wp-content\/uploads\/2026\/02\/5a735343-055b-4ecb-8065-cc23c8ce62cf.__CR00300300_PT0_SX300_V1___-12x12.jpg 12w, https:\/\/experienceshop.shop\/wp-content\/uploads\/2026\/02\/5a735343-055b-4ecb-8065-cc23c8ce62cf.__CR00300300_PT0_SX300_V1___-100x100.jpg 100w, https:\/\/experienceshop.shop\/wp-content\/uploads\/2026\/02\/5a735343-055b-4ecb-8065-cc23c8ce62cf.__CR00300300_PT0_SX300_V1___-50x50.jpg 50w, https:\/\/experienceshop.shop\/wp-content\/uploads\/2026\/02\/5a735343-055b-4ecb-8065-cc23c8ce62cf.__CR00300300_PT0_SX300_V1___-1x1.jpg 1w, https:\/\/experienceshop.shop\/wp-content\/uploads\/2026\/02\/5a735343-055b-4ecb-8065-cc23c8ce62cf.__CR00300300_PT0_SX300_V1___-10x10.jpg 10w\" sizes=\"auto, (max-width: 300px) 100vw, 300px\" \/><\/figure><div class=\"elementor-image-box-content\"><h3 class=\"elementor-image-box-title\">F\u00f3rmula duradera<\/h3><p class=\"elementor-image-box-description\">Haz que el lavado sea m\u00e1s rentable para tu negocio Fairy Professional. Esta f\u00f3rmula de detergente l\u00edquido altamente concentrada dura hasta un 50 % m\u00e1s que muchas marcas blancas.<\/p><\/div><\/div>\t\t\t\t<\/div>\n\t\t\t\t<\/div>\n\t\t\t\t<div class=\"elementor-element elementor-element-6d8608cf elementor-position-top elementor-widget elementor-widget-image-box\" data-id=\"6d8608cf\" data-element_type=\"widget\" data-settings=\"{&quot;ekit_we_effect_on&quot;:&quot;none&quot;}\" data-widget_type=\"image-box.default\">\n\t\t\t\t<div class=\"elementor-widget-container\">\n\t\t\t\t\t<div class=\"elementor-image-box-wrapper\"><figure class=\"elementor-image-box-img\"><img loading=\"lazy\" decoding=\"async\" width=\"300\" height=\"300\" src=\"https:\/\/experienceshop.shop\/wp-content\/uploads\/2026\/02\/c5b6e69a-2b3a-4172-b4b9-57b4ae04860e.__CR00300300_PT0_SX300_V1___.jpg\" class=\"attachment-full size-full wp-image-13337 wvs-archive-product-image\" alt=\"\" srcset=\"https:\/\/experienceshop.shop\/wp-content\/uploads\/2026\/02\/c5b6e69a-2b3a-4172-b4b9-57b4ae04860e.__CR00300300_PT0_SX300_V1___.jpg 300w, https:\/\/experienceshop.shop\/wp-content\/uploads\/2026\/02\/c5b6e69a-2b3a-4172-b4b9-57b4ae04860e.__CR00300300_PT0_SX300_V1___-150x150.jpg 150w, https:\/\/experienceshop.shop\/wp-content\/uploads\/2026\/02\/c5b6e69a-2b3a-4172-b4b9-57b4ae04860e.__CR00300300_PT0_SX300_V1___-12x12.jpg 12w, https:\/\/experienceshop.shop\/wp-content\/uploads\/2026\/02\/c5b6e69a-2b3a-4172-b4b9-57b4ae04860e.__CR00300300_PT0_SX300_V1___-100x100.jpg 100w, https:\/\/experienceshop.shop\/wp-content\/uploads\/2026\/02\/c5b6e69a-2b3a-4172-b4b9-57b4ae04860e.__CR00300300_PT0_SX300_V1___-50x50.jpg 50w, https:\/\/experienceshop.shop\/wp-content\/uploads\/2026\/02\/c5b6e69a-2b3a-4172-b4b9-57b4ae04860e.__CR00300300_PT0_SX300_V1___-1x1.jpg 1w, https:\/\/experienceshop.shop\/wp-content\/uploads\/2026\/02\/c5b6e69a-2b3a-4172-b4b9-57b4ae04860e.__CR00300300_PT0_SX300_V1___-10x10.jpg 10w\" sizes=\"auto, (max-width: 300px) 100vw, 300px\" \/><\/figure><div class=\"elementor-image-box-content\"><h3 class=\"elementor-image-box-title\">Para uso profesional<\/h3><p class=\"elementor-image-box-description\">Proporciona una satisfacci\u00f3n excelente a los hu\u00e9spedes. La limpieza puede ayudarte a mejorar tus calificaciones y opiniones, adem\u00e1s de aumentar tus ingresos. Minimiza el coste operativo total. El excelente rendimiento de P&amp;G Professional ayuda a minimizar el coste operativo total (consumo de agua y energ\u00eda) y a ahorrar dinero para tu negocio principal. Contribuye a un desarrollo m\u00e1s sostenible. Lavar los platos m\u00e1s<\/p><\/div><\/div>\t\t\t\t<\/div>\n\t\t\t\t<\/div>\n\t\t\t\t<div class=\"elementor-element elementor-element-4d64e8d0 elementor-position-top elementor-widget elementor-widget-image-box\" data-id=\"4d64e8d0\" data-element_type=\"widget\" data-settings=\"{&quot;ekit_we_effect_on&quot;:&quot;none&quot;}\" data-widget_type=\"image-box.default\">\n\t\t\t\t<div class=\"elementor-widget-container\">\n\t\t\t\t\t<div class=\"elementor-image-box-wrapper\"><figure class=\"elementor-image-box-img\"><img loading=\"lazy\" decoding=\"async\" width=\"300\" height=\"300\" src=\"https:\/\/experienceshop.shop\/wp-content\/uploads\/2026\/02\/6be59fd3-f69b-4595-9315-aa1263bafbb4.__CR00300300_PT0_SX300_V1___.jpg\" class=\"attachment-full size-full wp-image-13338 wvs-archive-product-image\" alt=\"\" srcset=\"https:\/\/experienceshop.shop\/wp-content\/uploads\/2026\/02\/6be59fd3-f69b-4595-9315-aa1263bafbb4.__CR00300300_PT0_SX300_V1___.jpg 300w, https:\/\/experienceshop.shop\/wp-content\/uploads\/2026\/02\/6be59fd3-f69b-4595-9315-aa1263bafbb4.__CR00300300_PT0_SX300_V1___-150x150.jpg 150w, https:\/\/experienceshop.shop\/wp-content\/uploads\/2026\/02\/6be59fd3-f69b-4595-9315-aa1263bafbb4.__CR00300300_PT0_SX300_V1___-12x12.jpg 12w, https:\/\/experienceshop.shop\/wp-content\/uploads\/2026\/02\/6be59fd3-f69b-4595-9315-aa1263bafbb4.__CR00300300_PT0_SX300_V1___-100x100.jpg 100w, https:\/\/experienceshop.shop\/wp-content\/uploads\/2026\/02\/6be59fd3-f69b-4595-9315-aa1263bafbb4.__CR00300300_PT0_SX300_V1___-50x50.jpg 50w, https:\/\/experienceshop.shop\/wp-content\/uploads\/2026\/02\/6be59fd3-f69b-4595-9315-aa1263bafbb4.__CR00300300_PT0_SX300_V1___-1x1.jpg 1w, https:\/\/experienceshop.shop\/wp-content\/uploads\/2026\/02\/6be59fd3-f69b-4595-9315-aa1263bafbb4.__CR00300300_PT0_SX300_V1___-10x10.jpg 10w\" sizes=\"auto, (max-width: 300px) 100vw, 300px\" \/><\/figure><div class=\"elementor-image-box-content\"><h3 class=\"elementor-image-box-title\">Poder quitagrasas<\/h3><p class=\"elementor-image-box-description\">Fairy Professional cuenta con una combinaci\u00f3n especial de ingredientes quitagrasas que trabajan para eliminar la grasa y los residuos de comida de ollas, sartenes, platos y cuberter\u00eda. Tus empleados apreciar\u00e1n esta potente f\u00f3rmula que realiza incluso las tareas m\u00e1s exigentes sin esfuerzo.<\/p><\/div><\/div>\t\t\t\t<\/div>\n\t\t\t\t<\/div>\n\t\t\t\t<\/div>\n\t\t\t\t<div class=\"elementor-element elementor-element-723a5b7c elementor-widget elementor-widget-image\" data-id=\"723a5b7c\" data-element_type=\"widget\" data-settings=\"{&quot;ekit_we_effect_on&quot;:&quot;none&quot;}\" data-widget_type=\"image.default\">\n\t\t\t\t<div class=\"elementor-widget-container\">\n\t\t\t\t\t\t\t\t\t\t\t\t\t\t\t<img loading=\"lazy\" decoding=\"async\" width=\"1500\" height=\"1500\" src=\"https:\/\/experienceshop.shop\/wp-content\/uploads\/2026\/02\/71-GzPxfvzL._AC_SL1500_-1.jpg\" class=\"attachment-full size-full wp-image-13339 wvs-archive-product-image\" alt=\"\" srcset=\"https:\/\/experienceshop.shop\/wp-content\/uploads\/2026\/02\/71-GzPxfvzL._AC_SL1500_-1.jpg 1500w, https:\/\/experienceshop.shop\/wp-content\/uploads\/2026\/02\/71-GzPxfvzL._AC_SL1500_-1-300x300.jpg 300w, https:\/\/experienceshop.shop\/wp-content\/uploads\/2026\/02\/71-GzPxfvzL._AC_SL1500_-1-1024x1024.jpg 1024w, https:\/\/experienceshop.shop\/wp-content\/uploads\/2026\/02\/71-GzPxfvzL._AC_SL1500_-1-150x150.jpg 150w, https:\/\/experienceshop.shop\/wp-content\/uploads\/2026\/02\/71-GzPxfvzL._AC_SL1500_-1-768x768.jpg 768w, https:\/\/experienceshop.shop\/wp-content\/uploads\/2026\/02\/71-GzPxfvzL._AC_SL1500_-1-12x12.jpg 12w, https:\/\/experienceshop.shop\/wp-content\/uploads\/2026\/02\/71-GzPxfvzL._AC_SL1500_-1-600x600.jpg 600w, https:\/\/experienceshop.shop\/wp-content\/uploads\/2026\/02\/71-GzPxfvzL._AC_SL1500_-1-100x100.jpg 100w, https:\/\/experienceshop.shop\/wp-content\/uploads\/2026\/02\/71-GzPxfvzL._AC_SL1500_-1-50x50.jpg 50w, https:\/\/experienceshop.shop\/wp-content\/uploads\/2026\/02\/71-GzPxfvzL._AC_SL1500_-1-1x1.jpg 1w, https:\/\/experienceshop.shop\/wp-content\/uploads\/2026\/02\/71-GzPxfvzL._AC_SL1500_-1-10x10.jpg 10w\" sizes=\"auto, (max-width: 1500px) 100vw, 1500px\" \/>\t\t\t\t\t\t\t\t\t\t\t\t\t\t\t<\/div>\n\t\t\t\t<\/div>\n\t\t\t\t<div class=\"elementor-element elementor-element-5e9acf1d elementor-widget elementor-widget-image\" data-id=\"5e9acf1d\" data-element_type=\"widget\" data-settings=\"{&quot;ekit_we_effect_on&quot;:&quot;none&quot;}\" data-widget_type=\"image.default\">\n\t\t\t\t<div class=\"elementor-widget-container\">\n\t\t\t\t\t\t\t\t\t\t\t\t\t\t\t<img loading=\"lazy\" decoding=\"async\" width=\"1500\" height=\"1500\" src=\"https:\/\/experienceshop.shop\/wp-content\/uploads\/2026\/02\/719nZw4Uk5L._AC_SL1500_-1.jpg\" class=\"attachment-full size-full wp-image-13340 wvs-archive-product-image\" alt=\"\" srcset=\"https:\/\/experienceshop.shop\/wp-content\/uploads\/2026\/02\/719nZw4Uk5L._AC_SL1500_-1.jpg 1500w, https:\/\/experienceshop.shop\/wp-content\/uploads\/2026\/02\/719nZw4Uk5L._AC_SL1500_-1-300x300.jpg 300w, https:\/\/experienceshop.shop\/wp-content\/uploads\/2026\/02\/719nZw4Uk5L._AC_SL1500_-1-1024x1024.jpg 1024w, https:\/\/experienceshop.shop\/wp-content\/uploads\/2026\/02\/719nZw4Uk5L._AC_SL1500_-1-150x150.jpg 150w, https:\/\/experienceshop.shop\/wp-content\/uploads\/2026\/02\/719nZw4Uk5L._AC_SL1500_-1-768x768.jpg 768w, https:\/\/experienceshop.shop\/wp-content\/uploads\/2026\/02\/719nZw4Uk5L._AC_SL1500_-1-12x12.jpg 12w, https:\/\/experienceshop.shop\/wp-content\/uploads\/2026\/02\/719nZw4Uk5L._AC_SL1500_-1-600x600.jpg 600w, https:\/\/experienceshop.shop\/wp-content\/uploads\/2026\/02\/719nZw4Uk5L._AC_SL1500_-1-100x100.jpg 100w, https:\/\/experienceshop.shop\/wp-content\/uploads\/2026\/02\/719nZw4Uk5L._AC_SL1500_-1-50x50.jpg 50w, https:\/\/experienceshop.shop\/wp-content\/uploads\/2026\/02\/719nZw4Uk5L._AC_SL1500_-1-1x1.jpg 1w, https:\/\/experienceshop.shop\/wp-content\/uploads\/2026\/02\/719nZw4Uk5L._AC_SL1500_-1-10x10.jpg 10w\" sizes=\"auto, (max-width: 1500px) 100vw, 1500px\" \/>\t\t\t\t\t\t\t\t\t\t\t\t\t\t\t<\/div>\n\t\t\t\t<\/div>\n\t\t\t\t<div class=\"elementor-element elementor-element-ff8191c elementor-widget elementor-widget-text-editor\" data-id=\"ff8191c\" data-element_type=\"widget\" data-settings=\"{&quot;ekit_we_effect_on&quot;:&quot;none&quot;}\" data-widget_type=\"text-editor.default\">\n\t\t\t\t<div class=\"elementor-widget-container\">\n\t\t\t\t\t\t\t\t\t<!DOCTYPE html>\n<html lang=\"en\">\n<head>\n    <meta charset=\"UTF-8\">\n    <meta name=\"viewport\" content=\"width=device-width, initial-scale=1.0\">\n    <title>Product Information<\/title>\n    <style>\n        .details-table {\n            width: 100%;\n            border-collapse: collapse;\n            font-family: Arial, sans-serif;\n            font-size: 14px;\n        }\n        .details-table tr {\n            border-bottom: 1px solid #000;\n        }\n        .details-table td {\n            padding: 12px 0;\n            vertical-align: top;\n            text-align: left;\n        }\n        .details-table td:first-child {\n            width: 40%;\n            font-weight: bold;\n        }\n        .details-table td:last-child {\n            width: 60%;\n        }\n        .section-header {\n            font-size: 18px;\n            font-weight: bold;\n            padding: 15px 0 10px 0;\n            margin-top: 10px;\n        }\n        .product-header {\n            font-size: 22px;\n            font-weight: bold;\n            padding: 20px 0 5px 0;\n            border-bottom: 2px solid #333;\n        }\n    <\/style>\n<\/head>\n<body>\n    <div class=\"product-header\">Informaci\u00f3n sobre el producto<\/div>\n    <div class=\"section-header\">Detalles t\u00e9cnicos<\/div>\n    <table class=\"details-table\">\n        <tr>\n            <td>N\u00famero de modelo del art\u00edculo<\/td>\n            <td>8001841694276<\/td>\n        <\/tr>\n        <tr>\n            <td>Dimensiones del producto<\/td>\n            <td>18,7 x 12,2 x 37,2 cm; 5,18 kg<\/td>\n        <\/tr>\n        <tr>\n            <td>ASIN<\/td>\n            <td>B07ZG43FGR<\/td>\n        <\/tr>\n    <\/table>\n<\/body>\n<\/html>\t\t\t\t\t\t\t\t<\/div>\n\t\t\t\t<\/div>\n\t\t\t\t\t<\/div>\n\t\t\t\t<\/div>\n\t\t\t\t<\/div>","protected":false},"excerpt":{"rendered":"<p>Product description Resultados profesionales El lavavajillas l\u00edquido de Fairy Professional est\u00e1 altamente formulado y concentrado para los trabajos m\u00e1s dif\u00edciles&#8230;<\/p>","protected":false},"featured_media":13327,"comment_status":"open","ping_status":"closed","template":"","meta":{"_acf_changed":false},"etheme_brands":[],"product_brand":[],"product_cat":[118],"product_tag":[],"class_list":{"0":"post-13326","1":"product","2":"type-product","3":"status-publish","4":"has-post-thumbnail","6":"product_cat-sale-shop","8":"first","9":"instock","10":"sale","11":"shipping-taxable","12":"purchasable","13":"product-type-simple"},"acf":[],"_links":{"self":[{"href":"https:\/\/experienceshop.shop\/es\/wp-json\/wp\/v2\/product\/13326","targetHints":{"allow":["GET"]}}],"collection":[{"href":"https:\/\/experienceshop.shop\/es\/wp-json\/wp\/v2\/product"}],"about":[{"href":"https:\/\/experienceshop.shop\/es\/wp-json\/wp\/v2\/types\/product"}],"replies":[{"embeddable":true,"href":"https:\/\/experienceshop.shop\/es\/wp-json\/wp\/v2\/comments?post=13326"}],"version-history":[{"count":4,"href":"https:\/\/experienceshop.shop\/es\/wp-json\/wp\/v2\/product\/13326\/revisions"}],"predecessor-version":[{"id":13348,"href":"https:\/\/experienceshop.shop\/es\/wp-json\/wp\/v2\/product\/13326\/revisions\/13348"}],"wp:featuredmedia":[{"embeddable":true,"href":"https:\/\/experienceshop.shop\/es\/wp-json\/wp\/v2\/media\/13327"}],"wp:attachment":[{"href":"https:\/\/experienceshop.shop\/es\/wp-json\/wp\/v2\/media?parent=13326"}],"wp:term":[{"taxonomy":"brand","embeddable":true,"href":"https:\/\/experienceshop.shop\/es\/wp-json\/wp\/v2\/etheme_brands?post=13326"},{"taxonomy":"product_brand","embeddable":true,"href":"https:\/\/experienceshop.shop\/es\/wp-json\/wp\/v2\/product_brand?post=13326"},{"taxonomy":"product_cat","embeddable":true,"href":"https:\/\/experienceshop.shop\/es\/wp-json\/wp\/v2\/product_cat?post=13326"},{"taxonomy":"product_tag","embeddable":true,"href":"https:\/\/experienceshop.shop\/es\/wp-json\/wp\/v2\/product_tag?post=13326"}],"curies":[{"name":"wp","href":"https:\/\/api.w.org\/{rel}","templated":true}]}}